{"id":1152,"date":"2021-02-18T13:36:57","date_gmt":"2021-02-18T06:36:57","guid":{"rendered":"https:\/\/khoahocthethao.vn\/?page_id=1152"},"modified":"2021-02-18T13:37:30","modified_gmt":"2021-02-18T06:37:30","slug":"bai-kiem-tra-trac-nghiem","status":"publish","type":"page","link":"https:\/\/khoahocthethao.vn\/index.php\/bai-kiem-tra-trac-nghiem\/","title":{"rendered":"B\u00e0i ki\u1ec3m tra tr\u1eafc nghi\u1ec7m"},"content":{"rendered":"\t\t<div data-elementor-type=\"wp-page\" data-elementor-id=\"1152\" class=\"elementor elementor-1152\">\n\t\t\t\t\t\t<section class=\"elementor-section elementor-top-section elementor-element elementor-element-2204391 elementor-section-boxed elementor-section-height-default elementor-section-height-default\" data-id=\"2204391\" data-element_type=\"section\" data-e-type=\"section\">\n\t\t\t\t\t\t<div class=\"elementor-container elementor-column-gap-default\">\n\t\t\t\t\t<div class=\"elementor-column elementor-col-100 elementor-top-column elementor-element elementor-element-f3e64d4\" data-id=\"f3e64d4\" data-element_type=\"column\" data-e-type=\"column\">\n\t\t\t<div class=\"elementor-widget-wrap elementor-element-populated\">\n\t\t\t\t\t\t<div class=\"elementor-element elementor-element-11cafb8 elementor-widget elementor-widget-heading\" data-id=\"11cafb8\" data-element_type=\"widget\" data-e-type=\"widget\" data-widget_type=\"heading.default\">\n\t\t\t\t<div class=\"elementor-widget-container\">\n\t\t\t\t\t<h2 class=\"elementor-heading-title elementor-size-default\">M\u00f4n b\u00f3ng r\u1ed5 - K\u0129 thu\u1eadt ki\u1ec3m so\u00e1t b\u00f3ng<\/h2>\t\t\t\t<\/div>\n\t\t\t\t<\/div>\n\t\t\t\t\t<\/div>\n\t\t<\/div>\n\t\t\t\t\t<\/div>\n\t\t<\/section>\n\t\t\t\t<section class=\"elementor-section elementor-top-section elementor-element elementor-element-71bab32 elementor-section-boxed elementor-section-height-default elementor-section-height-default\" data-id=\"71bab32\" data-element_type=\"section\" data-e-type=\"section\">\n\t\t\t\t\t\t<div class=\"elementor-container elementor-column-gap-default\">\n\t\t\t\t\t<div class=\"elementor-column elementor-col-100 elementor-top-column elementor-element elementor-element-854e5dc\" data-id=\"854e5dc\" data-element_type=\"column\" data-e-type=\"column\">\n\t\t\t<div class=\"elementor-widget-wrap elementor-element-populated\">\n\t\t\t\t\t\t<div class=\"elementor-element elementor-element-62a7232 elementor-widget elementor-widget-html\" data-id=\"62a7232\" data-element_type=\"widget\" data-e-type=\"widget\" data-widget_type=\"html.default\">\n\t\t\t\t<div class=\"elementor-widget-container\">\n\t\t\t\t\t<iframe src=\"https:\/\/docs.google.com\/forms\/d\/e\/1FAIpQLScvhklaILYZoQRJo96w_bzjEwxNKuEZH-EXXJ2Ppxh6FUZzUw\/viewform?embedded=true\" width=\"640\" height=\"1930\" frameborder=\"0\" marginheight=\"0\" marginwidth=\"0\">\u0110ang t\u1ea3i\u2026<\/iframe>\t\t\t\t<\/div>\n\t\t\t\t<\/div>\n\t\t\t\t\t<\/div>\n\t\t<\/div>\n\t\t\t\t\t<\/div>\n\t\t<\/section>\n\t\t\t\t<\/div>\n\t\t","protected":false},"excerpt":{"rendered":"<p>M\u00f4n b\u00f3ng r\u1ed5 &#8211; K\u0129 thu\u1eadt ki\u1ec3m so\u00e1t b\u00f3ng \u0110ang t\u1ea3i\u2026<\/p>\n","protected":false},"author":1,"featured_media":0,"parent":0,"menu_order":0,"comment_status":"closed","ping_status":"closed","template":"","meta":{"wprm-recipe-roundup-name":"","wprm-recipe-roundup-description":"","footnotes":""},"class_list":["post-1152","page","type-page","status-publish","hentry"],"_links":{"self":[{"href":"https:\/\/khoahocthethao.vn\/index.php\/wp-json\/wp\/v2\/pages\/1152","targetHints":{"allow":["GET"]}}],"collection":[{"href":"https:\/\/khoahocthethao.vn\/index.php\/wp-json\/wp\/v2\/pages"}],"about":[{"href":"https:\/\/khoahocthethao.vn\/index.php\/wp-json\/wp\/v2\/types\/page"}],"author":[{"embeddable":true,"href":"https:\/\/khoahocthethao.vn\/index.php\/wp-json\/wp\/v2\/users\/1"}],"replies":[{"embeddable":true,"href":"https:\/\/khoahocthethao.vn\/index.php\/wp-json\/wp\/v2\/comments?post=1152"}],"version-history":[{"count":4,"href":"https:\/\/khoahocthethao.vn\/index.php\/wp-json\/wp\/v2\/pages\/1152\/revisions"}],"predecessor-version":[{"id":1156,"href":"https:\/\/khoahocthethao.vn\/index.php\/wp-json\/wp\/v2\/pages\/1152\/revisions\/1156"}],"wp:attachment":[{"href":"https:\/\/khoahocthethao.vn\/index.php\/wp-json\/wp\/v2\/media?parent=1152"}],"curies":[{"name":"wp","href":"https:\/\/api.w.org\/{rel}","templated":true}]}}