{"id":1551,"date":"2021-02-22T10:31:41","date_gmt":"2021-02-22T03:31:41","guid":{"rendered":"https:\/\/khoahocthethao.vn\/?page_id=1551"},"modified":"2021-02-22T10:39:11","modified_gmt":"2021-02-22T03:39:11","slug":"thanh-tich-dat-duoc","status":"publish","type":"page","link":"https:\/\/khoahocthethao.vn\/index.php\/thanh-tich-dat-duoc\/","title":{"rendered":"Th\u00e0nh t\u00edch \u0111\u1ea1t \u0111\u01b0\u1ee3c"},"content":{"rendered":"\t\t<div data-elementor-type=\"wp-page\" data-elementor-id=\"1551\" class=\"elementor elementor-1551\">\n\t\t\t\t\t\t<section class=\"elementor-section elementor-top-section elementor-element elementor-element-d9aab01 elementor-section-boxed elementor-section-height-default elementor-section-height-default\" data-id=\"d9aab01\" data-element_type=\"section\" data-e-type=\"section\">\n\t\t\t\t\t\t<div class=\"elementor-container elementor-column-gap-default\">\n\t\t\t\t\t<div class=\"elementor-column elementor-col-100 elementor-top-column elementor-element elementor-element-a2e740d\" data-id=\"a2e740d\" data-element_type=\"column\" data-e-type=\"column\">\n\t\t\t<div class=\"elementor-widget-wrap elementor-element-populated\">\n\t\t\t\t\t\t<div class=\"elementor-element elementor-element-4dbea86 elementor-widget elementor-widget-image\" data-id=\"4dbea86\" data-element_type=\"widget\" data-e-type=\"widget\" data-widget_type=\"image.default\">\n\t\t\t\t<div class=\"elementor-widget-container\">\n\t\t\t\t\t\t\t\t\t\t\t\t\t\t\t<img fetchpriority=\"high\" decoding=\"async\" width=\"640\" height=\"494\" src=\"https:\/\/khoahocthethao.vn\/wp-content\/uploads\/2021\/02\/4-1-1024x791.jpg\" class=\"attachment-large size-large wp-image-1556\" alt=\"\" srcset=\"https:\/\/khoahocthethao.vn\/wp-content\/uploads\/2021\/02\/4-1-1024x791.jpg 1024w, https:\/\/khoahocthethao.vn\/wp-content\/uploads\/2021\/02\/4-1-300x232.jpg 300w, https:\/\/khoahocthethao.vn\/wp-content\/uploads\/2021\/02\/4-1-768x593.jpg 768w, https:\/\/khoahocthethao.vn\/wp-content\/uploads\/2021\/02\/4-1-1536x1187.jpg 1536w, https:\/\/khoahocthethao.vn\/wp-content\/uploads\/2021\/02\/4-1-2048x1583.jpg 2048w, https:\/\/khoahocthethao.vn\/wp-content\/uploads\/2021\/02\/4-1-349x270.jpg 349w\" sizes=\"(max-width: 640px) 100vw, 640px\" \/>\t\t\t\t\t\t\t\t\t\t\t\t\t\t\t<\/div>\n\t\t\t\t<\/div>\n\t\t\t\t\t<\/div>\n\t\t<\/div>\n\t\t\t\t\t<\/div>\n\t\t<\/section>\n\t\t\t\t<section class=\"elementor-section elementor-top-section elementor-element elementor-element-a49bc89 elementor-section-boxed elementor-section-height-default elementor-section-height-default\" data-id=\"a49bc89\" data-element_type=\"section\" data-e-type=\"section\">\n\t\t\t\t\t\t<div class=\"elementor-container elementor-column-gap-default\">\n\t\t\t\t\t<div class=\"elementor-column elementor-col-100 elementor-top-column elementor-element elementor-element-2354cf9\" data-id=\"2354cf9\" data-element_type=\"column\" data-e-type=\"column\">\n\t\t\t<div class=\"elementor-widget-wrap elementor-element-populated\">\n\t\t\t\t\t\t<div class=\"elementor-element elementor-element-aeef6a5 elementor-widget elementor-widget-image\" data-id=\"aeef6a5\" data-element_type=\"widget\" data-e-type=\"widget\" data-widget_type=\"image.default\">\n\t\t\t\t<div class=\"elementor-widget-container\">\n\t\t\t\t\t\t\t\t\t\t\t\t\t\t\t<img decoding=\"async\" width=\"640\" height=\"494\" src=\"https:\/\/khoahocthethao.vn\/wp-content\/uploads\/2021\/02\/7-1-1024x791.jpg\" class=\"attachment-large size-large wp-image-1560\" alt=\"\" srcset=\"https:\/\/khoahocthethao.vn\/wp-content\/uploads\/2021\/02\/7-1-1024x791.jpg 1024w, https:\/\/khoahocthethao.vn\/wp-content\/uploads\/2021\/02\/7-1-300x232.jpg 300w, https:\/\/khoahocthethao.vn\/wp-content\/uploads\/2021\/02\/7-1-768x593.jpg 768w, https:\/\/khoahocthethao.vn\/wp-content\/uploads\/2021\/02\/7-1-1536x1187.jpg 1536w, https:\/\/khoahocthethao.vn\/wp-content\/uploads\/2021\/02\/7-1-2048x1583.jpg 2048w, https:\/\/khoahocthethao.vn\/wp-content\/uploads\/2021\/02\/7-1-349x270.jpg 349w\" sizes=\"(max-width: 640px) 100vw, 640px\" \/>\t\t\t\t\t\t\t\t\t\t\t\t\t\t\t<\/div>\n\t\t\t\t<\/div>\n\t\t\t\t\t<\/div>\n\t\t<\/div>\n\t\t\t\t\t<\/div>\n\t\t<\/section>\n\t\t\t\t<section class=\"elementor-section elementor-top-section elementor-element elementor-element-1860b72 elementor-section-boxed elementor-section-height-default elementor-section-height-default\" data-id=\"1860b72\" data-element_type=\"section\" data-e-type=\"section\">\n\t\t\t\t\t\t<div class=\"elementor-container elementor-column-gap-default\">\n\t\t\t\t\t<div class=\"elementor-column elementor-col-100 elementor-top-column elementor-element elementor-element-8f1d247\" data-id=\"8f1d247\" data-element_type=\"column\" data-e-type=\"column\">\n\t\t\t<div class=\"elementor-widget-wrap elementor-element-populated\">\n\t\t\t\t\t\t<div class=\"elementor-element elementor-element-2da0fb7 elementor-widget elementor-widget-image\" data-id=\"2da0fb7\" data-element_type=\"widget\" data-e-type=\"widget\" data-widget_type=\"image.default\">\n\t\t\t\t<div class=\"elementor-widget-container\">\n\t\t\t\t\t\t\t\t\t\t\t\t\t\t\t<img decoding=\"async\" width=\"640\" height=\"453\" src=\"https:\/\/khoahocthethao.vn\/wp-content\/uploads\/2021\/02\/11-1-1024x724.jpg\" class=\"attachment-large size-large wp-image-1564\" alt=\"\" srcset=\"https:\/\/khoahocthethao.vn\/wp-content\/uploads\/2021\/02\/11-1-1024x724.jpg 1024w, https:\/\/khoahocthethao.vn\/wp-content\/uploads\/2021\/02\/11-1-300x212.jpg 300w, https:\/\/khoahocthethao.vn\/wp-content\/uploads\/2021\/02\/11-1-768x543.jpg 768w, https:\/\/khoahocthethao.vn\/wp-content\/uploads\/2021\/02\/11-1-1536x1086.jpg 1536w, https:\/\/khoahocthethao.vn\/wp-content\/uploads\/2021\/02\/11-1-2048x1447.jpg 2048w, https:\/\/khoahocthethao.vn\/wp-content\/uploads\/2021\/02\/11-1-360x254.jpg 360w\" sizes=\"(max-width: 640px) 100vw, 640px\" \/>\t\t\t\t\t\t\t\t\t\t\t\t\t\t\t<\/div>\n\t\t\t\t<\/div>\n\t\t\t\t\t<\/div>\n\t\t<\/div>\n\t\t\t\t\t<\/div>\n\t\t<\/section>\n\t\t\t\t<section class=\"elementor-section elementor-top-section elementor-element elementor-element-a7f9840 elementor-section-boxed elementor-section-height-default elementor-section-height-default\" data-id=\"a7f9840\" data-element_type=\"section\" data-e-type=\"section\">\n\t\t\t\t\t\t<div class=\"elementor-container elementor-column-gap-default\">\n\t\t\t\t\t<div class=\"elementor-column elementor-col-100 elementor-top-column elementor-element elementor-element-4925bd8\" data-id=\"4925bd8\" data-element_type=\"column\" data-e-type=\"column\">\n\t\t\t<div class=\"elementor-widget-wrap elementor-element-populated\">\n\t\t\t\t\t\t<div class=\"elementor-element elementor-element-9fd5c8e elementor-widget elementor-widget-image\" data-id=\"9fd5c8e\" data-element_type=\"widget\" data-e-type=\"widget\" data-widget_type=\"image.default\">\n\t\t\t\t<div class=\"elementor-widget-container\">\n\t\t\t\t\t\t\t\t\t\t\t\t\t\t\t<img loading=\"lazy\" decoding=\"async\" width=\"640\" height=\"829\" src=\"https:\/\/khoahocthethao.vn\/wp-content\/uploads\/2021\/02\/6-791x1024.jpg\" class=\"attachment-large size-large wp-image-1559\" alt=\"\" srcset=\"https:\/\/khoahocthethao.vn\/wp-content\/uploads\/2021\/02\/6-791x1024.jpg 791w, https:\/\/khoahocthethao.vn\/wp-content\/uploads\/2021\/02\/6-232x300.jpg 232w, https:\/\/khoahocthethao.vn\/wp-content\/uploads\/2021\/02\/6-768x994.jpg 768w, https:\/\/khoahocthethao.vn\/wp-content\/uploads\/2021\/02\/6-1187x1536.jpg 1187w, https:\/\/khoahocthethao.vn\/wp-content\/uploads\/2021\/02\/6-1583x2048.jpg 1583w, https:\/\/khoahocthethao.vn\/wp-content\/uploads\/2021\/02\/6-209x270.jpg 209w, https:\/\/khoahocthethao.vn\/wp-content\/uploads\/2021\/02\/6-scaled.jpg 1978w\" sizes=\"(max-width: 640px) 100vw, 640px\" \/>\t\t\t\t\t\t\t\t\t\t\t\t\t\t\t<\/div>\n\t\t\t\t<\/div>\n\t\t\t\t\t<\/div>\n\t\t<\/div>\n\t\t\t\t\t<\/div>\n\t\t<\/section>\n\t\t\t\t<section class=\"elementor-section elementor-top-section elementor-element elementor-element-aeedcda elementor-section-boxed elementor-section-height-default elementor-section-height-default\" data-id=\"aeedcda\" data-element_type=\"section\" data-e-type=\"section\">\n\t\t\t\t\t\t<div class=\"elementor-container elementor-column-gap-default\">\n\t\t\t\t\t<div class=\"elementor-column elementor-col-100 elementor-top-column elementor-element elementor-element-2a2ce3d\" data-id=\"2a2ce3d\" data-element_type=\"column\" data-e-type=\"column\">\n\t\t\t<div class=\"elementor-widget-wrap elementor-element-populated\">\n\t\t\t\t\t\t<div class=\"elementor-element elementor-element-2576614 elementor-widget elementor-widget-image\" data-id=\"2576614\" data-element_type=\"widget\" data-e-type=\"widget\" data-widget_type=\"image.default\">\n\t\t\t\t<div class=\"elementor-widget-container\">\n\t\t\t\t\t\t\t\t\t\t\t\t\t\t\t<img loading=\"lazy\" decoding=\"async\" width=\"640\" height=\"829\" src=\"https:\/\/khoahocthethao.vn\/wp-content\/uploads\/2021\/02\/9-791x1024.jpg\" class=\"attachment-large size-large wp-image-1562\" alt=\"\" srcset=\"https:\/\/khoahocthethao.vn\/wp-content\/uploads\/2021\/02\/9-791x1024.jpg 791w, https:\/\/khoahocthethao.vn\/wp-content\/uploads\/2021\/02\/9-232x300.jpg 232w, https:\/\/khoahocthethao.vn\/wp-content\/uploads\/2021\/02\/9-768x994.jpg 768w, https:\/\/khoahocthethao.vn\/wp-content\/uploads\/2021\/02\/9-1187x1536.jpg 1187w, https:\/\/khoahocthethao.vn\/wp-content\/uploads\/2021\/02\/9-1583x2048.jpg 1583w, https:\/\/khoahocthethao.vn\/wp-content\/uploads\/2021\/02\/9-209x270.jpg 209w, https:\/\/khoahocthethao.vn\/wp-content\/uploads\/2021\/02\/9-scaled.jpg 1978w\" sizes=\"(max-width: 640px) 100vw, 640px\" \/>\t\t\t\t\t\t\t\t\t\t\t\t\t\t\t<\/div>\n\t\t\t\t<\/div>\n\t\t\t\t\t<\/div>\n\t\t<\/div>\n\t\t\t\t\t<\/div>\n\t\t<\/section>\n\t\t\t\t<section class=\"elementor-section elementor-top-section elementor-element elementor-element-ed4339c elementor-section-boxed elementor-section-height-default elementor-section-height-default\" data-id=\"ed4339c\" data-element_type=\"section\" data-e-type=\"section\">\n\t\t\t\t\t\t<div class=\"elementor-container elementor-column-gap-default\">\n\t\t\t\t\t<div class=\"elementor-column elementor-col-100 elementor-top-column elementor-element elementor-element-05e2839\" data-id=\"05e2839\" data-element_type=\"column\" data-e-type=\"column\">\n\t\t\t<div class=\"elementor-widget-wrap elementor-element-populated\">\n\t\t\t\t\t\t<div class=\"elementor-element elementor-element-f591de3 elementor-widget elementor-widget-image\" data-id=\"f591de3\" data-element_type=\"widget\" data-e-type=\"widget\" data-widget_type=\"image.default\">\n\t\t\t\t<div class=\"elementor-widget-container\">\n\t\t\t\t\t\t\t\t\t\t\t\t\t\t\t<img loading=\"lazy\" decoding=\"async\" width=\"640\" height=\"829\" src=\"https:\/\/khoahocthethao.vn\/wp-content\/uploads\/2021\/02\/10-1-791x1024.jpg\" class=\"attachment-large size-large wp-image-1563\" alt=\"\" srcset=\"https:\/\/khoahocthethao.vn\/wp-content\/uploads\/2021\/02\/10-1-791x1024.jpg 791w, https:\/\/khoahocthethao.vn\/wp-content\/uploads\/2021\/02\/10-1-232x300.jpg 232w, https:\/\/khoahocthethao.vn\/wp-content\/uploads\/2021\/02\/10-1-768x994.jpg 768w, https:\/\/khoahocthethao.vn\/wp-content\/uploads\/2021\/02\/10-1-1187x1536.jpg 1187w, https:\/\/khoahocthethao.vn\/wp-content\/uploads\/2021\/02\/10-1-1583x2048.jpg 1583w, https:\/\/khoahocthethao.vn\/wp-content\/uploads\/2021\/02\/10-1-209x270.jpg 209w, https:\/\/khoahocthethao.vn\/wp-content\/uploads\/2021\/02\/10-1-scaled.jpg 1978w\" sizes=\"(max-width: 640px) 100vw, 640px\" \/>\t\t\t\t\t\t\t\t\t\t\t\t\t\t\t<\/div>\n\t\t\t\t<\/div>\n\t\t\t\t\t<\/div>\n\t\t<\/div>\n\t\t\t\t\t<\/div>\n\t\t<\/section>\n\t\t\t\t<section class=\"elementor-section elementor-top-section elementor-element elementor-element-e2d9182 elementor-section-boxed elementor-section-height-default elementor-section-height-default\" data-id=\"e2d9182\" data-element_type=\"section\" data-e-type=\"section\">\n\t\t\t\t\t\t<div class=\"elementor-container elementor-column-gap-default\">\n\t\t\t\t\t<div class=\"elementor-column elementor-col-100 elementor-top-column elementor-element elementor-element-f27363c\" data-id=\"f27363c\" data-element_type=\"column\" data-e-type=\"column\">\n\t\t\t<div class=\"elementor-widget-wrap elementor-element-populated\">\n\t\t\t\t\t\t<div class=\"elementor-element elementor-element-db76ad9 elementor-widget elementor-widget-image\" data-id=\"db76ad9\" data-element_type=\"widget\" data-e-type=\"widget\" data-widget_type=\"image.default\">\n\t\t\t\t<div class=\"elementor-widget-container\">\n\t\t\t\t\t\t\t\t\t\t\t\t\t\t\t<img loading=\"lazy\" decoding=\"async\" width=\"640\" height=\"829\" src=\"https:\/\/khoahocthethao.vn\/wp-content\/uploads\/2021\/02\/1-2-791x1024.jpg\" class=\"attachment-large size-large wp-image-1553\" alt=\"\" srcset=\"https:\/\/khoahocthethao.vn\/wp-content\/uploads\/2021\/02\/1-2-791x1024.jpg 791w, https:\/\/khoahocthethao.vn\/wp-content\/uploads\/2021\/02\/1-2-232x300.jpg 232w, https:\/\/khoahocthethao.vn\/wp-content\/uploads\/2021\/02\/1-2-768x994.jpg 768w, https:\/\/khoahocthethao.vn\/wp-content\/uploads\/2021\/02\/1-2-1187x1536.jpg 1187w, https:\/\/khoahocthethao.vn\/wp-content\/uploads\/2021\/02\/1-2-1583x2048.jpg 1583w, https:\/\/khoahocthethao.vn\/wp-content\/uploads\/2021\/02\/1-2-209x270.jpg 209w, https:\/\/khoahocthethao.vn\/wp-content\/uploads\/2021\/02\/1-2-scaled.jpg 1978w\" sizes=\"(max-width: 640px) 100vw, 640px\" \/>\t\t\t\t\t\t\t\t\t\t\t\t\t\t\t<\/div>\n\t\t\t\t<\/div>\n\t\t\t\t\t<\/div>\n\t\t<\/div>\n\t\t\t\t\t<\/div>\n\t\t<\/section>\n\t\t\t\t<section class=\"elementor-section elementor-top-section elementor-element elementor-element-9710857 elementor-section-boxed elementor-section-height-default elementor-section-height-default\" data-id=\"9710857\" data-element_type=\"section\" data-e-type=\"section\">\n\t\t\t\t\t\t<div class=\"elementor-container elementor-column-gap-default\">\n\t\t\t\t\t<div class=\"elementor-column elementor-col-100 elementor-top-column elementor-element elementor-element-0d72a08\" data-id=\"0d72a08\" data-element_type=\"column\" data-e-type=\"column\">\n\t\t\t<div class=\"elementor-widget-wrap elementor-element-populated\">\n\t\t\t\t\t\t<div class=\"elementor-element elementor-element-8c463e2 elementor-widget elementor-widget-image\" data-id=\"8c463e2\" data-element_type=\"widget\" data-e-type=\"widget\" data-widget_type=\"image.default\">\n\t\t\t\t<div class=\"elementor-widget-container\">\n\t\t\t\t\t\t\t\t\t\t\t\t\t\t\t<img loading=\"lazy\" decoding=\"async\" width=\"640\" height=\"829\" src=\"https:\/\/khoahocthethao.vn\/wp-content\/uploads\/2021\/02\/2-2-791x1024.jpg\" class=\"attachment-large size-large wp-image-1554\" alt=\"\" srcset=\"https:\/\/khoahocthethao.vn\/wp-content\/uploads\/2021\/02\/2-2-791x1024.jpg 791w, https:\/\/khoahocthethao.vn\/wp-content\/uploads\/2021\/02\/2-2-232x300.jpg 232w, https:\/\/khoahocthethao.vn\/wp-content\/uploads\/2021\/02\/2-2-768x994.jpg 768w, https:\/\/khoahocthethao.vn\/wp-content\/uploads\/2021\/02\/2-2-1187x1536.jpg 1187w, https:\/\/khoahocthethao.vn\/wp-content\/uploads\/2021\/02\/2-2-1583x2048.jpg 1583w, https:\/\/khoahocthethao.vn\/wp-content\/uploads\/2021\/02\/2-2-209x270.jpg 209w, https:\/\/khoahocthethao.vn\/wp-content\/uploads\/2021\/02\/2-2-scaled.jpg 1978w\" sizes=\"(max-width: 640px) 100vw, 640px\" \/>\t\t\t\t\t\t\t\t\t\t\t\t\t\t\t<\/div>\n\t\t\t\t<\/div>\n\t\t\t\t\t<\/div>\n\t\t<\/div>\n\t\t\t\t\t<\/div>\n\t\t<\/section>\n\t\t\t\t<section class=\"elementor-section elementor-top-section elementor-element elementor-element-cf54750 elementor-section-boxed elementor-section-height-default elementor-section-height-default\" data-id=\"cf54750\" data-element_type=\"section\" data-e-type=\"section\">\n\t\t\t\t\t\t<div class=\"elementor-container elementor-column-gap-default\">\n\t\t\t\t\t<div class=\"elementor-column elementor-col-100 elementor-top-column elementor-element elementor-element-12481d1\" data-id=\"12481d1\" data-element_type=\"column\" data-e-type=\"column\">\n\t\t\t<div class=\"elementor-widget-wrap elementor-element-populated\">\n\t\t\t\t\t\t<div class=\"elementor-element elementor-element-99a1608 elementor-widget elementor-widget-image\" data-id=\"99a1608\" data-element_type=\"widget\" data-e-type=\"widget\" data-widget_type=\"image.default\">\n\t\t\t\t<div class=\"elementor-widget-container\">\n\t\t\t\t\t\t\t\t\t\t\t\t\t\t\t<img loading=\"lazy\" decoding=\"async\" width=\"640\" height=\"494\" src=\"https:\/\/khoahocthethao.vn\/wp-content\/uploads\/2021\/02\/8-1-1024x791.jpg\" class=\"attachment-large size-large wp-image-1561\" alt=\"\" srcset=\"https:\/\/khoahocthethao.vn\/wp-content\/uploads\/2021\/02\/8-1-1024x791.jpg 1024w, https:\/\/khoahocthethao.vn\/wp-content\/uploads\/2021\/02\/8-1-300x232.jpg 300w, https:\/\/khoahocthethao.vn\/wp-content\/uploads\/2021\/02\/8-1-768x593.jpg 768w, https:\/\/khoahocthethao.vn\/wp-content\/uploads\/2021\/02\/8-1-1536x1187.jpg 1536w, https:\/\/khoahocthethao.vn\/wp-content\/uploads\/2021\/02\/8-1-2048x1583.jpg 2048w, https:\/\/khoahocthethao.vn\/wp-content\/uploads\/2021\/02\/8-1-349x270.jpg 349w\" sizes=\"(max-width: 640px) 100vw, 640px\" \/>\t\t\t\t\t\t\t\t\t\t\t\t\t\t\t<\/div>\n\t\t\t\t<\/div>\n\t\t\t\t\t<\/div>\n\t\t<\/div>\n\t\t\t\t\t<\/div>\n\t\t<\/section>\n\t\t\t\t<section class=\"elementor-section elementor-top-section elementor-element elementor-element-3fa3c09 elementor-section-boxed elementor-section-height-default elementor-section-height-default\" data-id=\"3fa3c09\" data-element_type=\"section\" data-e-type=\"section\">\n\t\t\t\t\t\t<div class=\"elementor-container elementor-column-gap-default\">\n\t\t\t\t\t<div class=\"elementor-column elementor-col-100 elementor-top-column elementor-element elementor-element-4f8e5cd\" data-id=\"4f8e5cd\" data-element_type=\"column\" data-e-type=\"column\">\n\t\t\t<div class=\"elementor-widget-wrap elementor-element-populated\">\n\t\t\t\t\t\t<div class=\"elementor-element elementor-element-3104528 elementor-widget elementor-widget-image\" data-id=\"3104528\" data-element_type=\"widget\" data-e-type=\"widget\" data-widget_type=\"image.default\">\n\t\t\t\t<div class=\"elementor-widget-container\">\n\t\t\t\t\t\t\t\t\t\t\t\t\t\t\t<img loading=\"lazy\" decoding=\"async\" width=\"640\" height=\"494\" src=\"https:\/\/khoahocthethao.vn\/wp-content\/uploads\/2021\/02\/5-1-1024x791.jpg\" class=\"attachment-large size-large wp-image-1558\" alt=\"\" srcset=\"https:\/\/khoahocthethao.vn\/wp-content\/uploads\/2021\/02\/5-1-1024x791.jpg 1024w, https:\/\/khoahocthethao.vn\/wp-content\/uploads\/2021\/02\/5-1-300x232.jpg 300w, https:\/\/khoahocthethao.vn\/wp-content\/uploads\/2021\/02\/5-1-768x593.jpg 768w, https:\/\/khoahocthethao.vn\/wp-content\/uploads\/2021\/02\/5-1-1536x1187.jpg 1536w, https:\/\/khoahocthethao.vn\/wp-content\/uploads\/2021\/02\/5-1-2048x1583.jpg 2048w, https:\/\/khoahocthethao.vn\/wp-content\/uploads\/2021\/02\/5-1-349x270.jpg 349w\" sizes=\"(max-width: 640px) 100vw, 640px\" \/>\t\t\t\t\t\t\t\t\t\t\t\t\t\t\t<\/div>\n\t\t\t\t<\/div>\n\t\t\t\t\t<\/div>\n\t\t<\/div>\n\t\t\t\t\t<\/div>\n\t\t<\/section>\n\t\t\t\t<\/div>\n\t\t","protected":false},"excerpt":{"rendered":"","protected":false},"author":1,"featured_media":0,"parent":0,"menu_order":0,"comment_status":"closed","ping_status":"closed","template":"","meta":{"wprm-recipe-roundup-name":"","wprm-recipe-roundup-description":"","footnotes":""},"class_list":["post-1551","page","type-page","status-publish","hentry"],"_links":{"self":[{"href":"https:\/\/khoahocthethao.vn\/index.php\/wp-json\/wp\/v2\/pages\/1551","targetHints":{"allow":["GET"]}}],"collection":[{"href":"https:\/\/khoahocthethao.vn\/index.php\/wp-json\/wp\/v2\/pages"}],"about":[{"href":"https:\/\/khoahocthethao.vn\/index.php\/wp-json\/wp\/v2\/types\/page"}],"author":[{"embeddable":true,"href":"https:\/\/khoahocthethao.vn\/index.php\/wp-json\/wp\/v2\/users\/1"}],"replies":[{"embeddable":true,"href":"https:\/\/khoahocthethao.vn\/index.php\/wp-json\/wp\/v2\/comments?post=1551"}],"version-history":[{"count":10,"href":"https:\/\/khoahocthethao.vn\/index.php\/wp-json\/wp\/v2\/pages\/1551\/revisions"}],"predecessor-version":[{"id":1574,"href":"https:\/\/khoahocthethao.vn\/index.php\/wp-json\/wp\/v2\/pages\/1551\/revisions\/1574"}],"wp:attachment":[{"href":"https:\/\/khoahocthethao.vn\/index.php\/wp-json\/wp\/v2\/media?parent=1551"}],"curies":[{"name":"wp","href":"https:\/\/api.w.org\/{rel}","templated":true}]}}