{"id":236,"date":"2020-12-14T16:23:17","date_gmt":"2020-12-14T09:23:17","guid":{"rendered":"https:\/\/khoahocthethao.vn\/?page_id=236"},"modified":"2021-05-06T18:01:44","modified_gmt":"2021-05-06T11:01:44","slug":"giai-phau","status":"publish","type":"page","link":"https:\/\/khoahocthethao.vn\/index.php\/giai-phau\/","title":{"rendered":"Gi\u1ea3i ph\u1eabu"},"content":{"rendered":"\t\t<div data-elementor-type=\"wp-page\" data-elementor-id=\"236\" class=\"elementor elementor-236\">\n\t\t\t\t\t\t<section class=\"elementor-section elementor-top-section elementor-element elementor-element-eebe754 elementor-section-boxed elementor-section-height-default elementor-section-height-default\" data-id=\"eebe754\" data-element_type=\"section\" data-e-type=\"section\">\n\t\t\t\t\t\t<div class=\"elementor-container elementor-column-gap-default\">\n\t\t\t\t\t<div class=\"elementor-column elementor-col-100 elementor-top-column elementor-element elementor-element-c6122a7\" data-id=\"c6122a7\" data-element_type=\"column\" data-e-type=\"column\">\n\t\t\t<div class=\"elementor-widget-wrap elementor-element-populated\">\n\t\t\t\t\t\t<div class=\"elementor-element elementor-element-5c7268e elementor-widget elementor-widget-heading\" data-id=\"5c7268e\" data-element_type=\"widget\" data-e-type=\"widget\" data-widget_type=\"heading.default\">\n\t\t\t\t<div class=\"elementor-widget-container\">\n\t\t\t\t\t<h2 class=\"elementor-heading-title elementor-size-default\">Gi\u1ea3i ph\u1eabu c\u01a1 th\u1ec3<\/h2>\t\t\t\t<\/div>\n\t\t\t\t<\/div>\n\t\t\t\t\t<\/div>\n\t\t<\/div>\n\t\t\t\t\t<\/div>\n\t\t<\/section>\n\t\t\t\t<section class=\"elementor-section elementor-top-section elementor-element elementor-element-bed2801 elementor-section-boxed elementor-section-height-default elementor-section-height-default\" data-id=\"bed2801\" data-element_type=\"section\" data-e-type=\"section\">\n\t\t\t\t\t\t<div class=\"elementor-container elementor-column-gap-default\">\n\t\t\t\t\t<div class=\"elementor-column elementor-col-100 elementor-top-column elementor-element elementor-element-cb89c3d\" data-id=\"cb89c3d\" data-element_type=\"column\" data-e-type=\"column\">\n\t\t\t<div class=\"elementor-widget-wrap elementor-element-populated\">\n\t\t\t\t\t\t<div class=\"elementor-element elementor-element-0466e4e elementor-widget elementor-widget-text-editor\" data-id=\"0466e4e\" data-element_type=\"widget\" data-e-type=\"widget\" data-widget_type=\"text-editor.default\">\n\t\t\t\t<div class=\"elementor-widget-container\">\n\t\t\t\t\t\t\t\t\t<p>L\u1ef1a ch\u1ecdn ph\u1ea7n ki\u1ebfn th\u1ee9c m\u00e0 c\u00e1c b\u1ea1n mu\u1ed1n xem t\u1ea1i \u0111\u00e2y<\/p>\t\t\t\t\t\t\t\t<\/div>\n\t\t\t\t<\/div>\n\t\t\t\t\t<\/div>\n\t\t<\/div>\n\t\t\t\t\t<\/div>\n\t\t<\/section>\n\t\t\t\t<section class=\"elementor-section elementor-top-section elementor-element elementor-element-745d31a elementor-section-boxed elementor-section-height-default elementor-section-height-default\" data-id=\"745d31a\" data-element_type=\"section\" data-e-type=\"section\">\n\t\t\t\t\t\t<div class=\"elementor-container elementor-column-gap-default\">\n\t\t\t\t\t<div class=\"elementor-column elementor-col-100 elementor-top-column elementor-element elementor-element-dfd2938\" data-id=\"dfd2938\" data-element_type=\"column\" data-e-type=\"column\">\n\t\t\t<div class=\"elementor-widget-wrap elementor-element-populated\">\n\t\t\t\t\t\t<div class=\"elementor-element elementor-element-4552b3d elementor-widget elementor-widget-media-carousel\" data-id=\"4552b3d\" data-element_type=\"widget\" data-e-type=\"widget\" data-widget_type=\"media-carousel.default\">\n\t\t\t\t<div class=\"elementor-widget-container\">\n\t\t\t\t\t \t\t\t\t<\/div>\n\t\t\t\t<\/div>\n\t\t\t\t\t<\/div>\n\t\t<\/div>\n\t\t\t\t\t<\/div>\n\t\t<\/section>\n\t\t\t\t<section class=\"elementor-section elementor-top-section elementor-element elementor-element-45702b9 elementor-section-boxed elementor-section-height-default elementor-section-height-default\" data-id=\"45702b9\" data-element_type=\"section\" data-e-type=\"section\">\n\t\t\t\t\t\t<div class=\"elementor-container elementor-column-gap-default\">\n\t\t\t\t\t<div class=\"elementor-column elementor-col-100 elementor-top-column elementor-element elementor-element-ae61775\" data-id=\"ae61775\" data-element_type=\"column\" data-e-type=\"column\">\n\t\t\t<div class=\"elementor-widget-wrap elementor-element-populated\">\n\t\t\t\t\t\t<div class=\"elementor-element elementor-element-c655645 elementor-widget elementor-widget-text-editor\" data-id=\"c655645\" data-element_type=\"widget\" data-e-type=\"widget\" data-widget_type=\"text-editor.default\">\n\t\t\t\t<div class=\"elementor-widget-container\">\n\t\t\t\t\t\t\t\t\t<h3>Gi\u1ea3i ph\u1eabu tr\u1ef1c tuy\u1ebfn, xem tr\u00ean \u0111i\u1ec7n tho\u1ea1i c\u1ea7n xoay ngang m\u00e0n h\u00ecnh ra<\/h3>\t\t\t\t\t\t\t\t<\/div>\n\t\t\t\t<\/div>\n\t\t\t\t\t<\/div>\n\t\t<\/div>\n\t\t\t\t\t<\/div>\n\t\t<\/section>\n\t\t\t\t<section class=\"elementor-section elementor-top-section elementor-element elementor-element-ca48f27 elementor-section-boxed elementor-section-height-default elementor-section-height-default\" data-id=\"ca48f27\" data-element_type=\"section\" data-e-type=\"section\">\n\t\t\t\t\t\t<div class=\"elementor-container elementor-column-gap-default\">\n\t\t\t\t\t<div class=\"elementor-column elementor-col-100 elementor-top-column elementor-element elementor-element-cad309c\" data-id=\"cad309c\" data-element_type=\"column\" data-e-type=\"column\">\n\t\t\t<div class=\"elementor-widget-wrap elementor-element-populated\">\n\t\t\t\t\t\t<div class=\"elementor-element elementor-element-4685fa8 elementor-widget elementor-widget-html\" data-id=\"4685fa8\" data-element_type=\"widget\" data-e-type=\"widget\" data-widget_type=\"html.default\">\n\t\t\t\t<div class=\"elementor-widget-container\">\n\t\t\t\t\t<iframe width=\"10000\" height=\"800\" src=\"https:\/\/www.zygotebody.com\" frameborder=\"0\" ><\/iframe>\t\t\t\t<\/div>\n\t\t\t\t<\/div>\n\t\t\t\t\t<\/div>\n\t\t<\/div>\n\t\t\t\t\t<\/div>\n\t\t<\/section>\n\t\t\t\t<section class=\"elementor-section elementor-top-section elementor-element elementor-element-66e3bb0 elementor-section-boxed elementor-section-height-default elementor-section-height-default\" data-id=\"66e3bb0\" data-element_type=\"section\" data-e-type=\"section\">\n\t\t\t\t\t\t<div class=\"elementor-container elementor-column-gap-default\">\n\t\t\t\t\t<div class=\"elementor-column elementor-col-100 elementor-top-column elementor-element elementor-element-fdae613\" data-id=\"fdae613\" data-element_type=\"column\" data-e-type=\"column\">\n\t\t\t<div class=\"elementor-widget-wrap elementor-element-populated\">\n\t\t\t\t\t\t<div class=\"elementor-element elementor-element-63f997f elementor-widget elementor-widget-text-editor\" data-id=\"63f997f\" data-element_type=\"widget\" data-e-type=\"widget\" data-widget_type=\"text-editor.default\">\n\t\t\t\t<div class=\"elementor-widget-container\">\n\t\t\t\t\t\t\t\t\t<p>\u0111ang c\u1eadp nh\u1eadp<\/p>\t\t\t\t\t\t\t\t<\/div>\n\t\t\t\t<\/div>\n\t\t\t\t\t<\/div>\n\t\t<\/div>\n\t\t\t\t\t<\/div>\n\t\t<\/section>\n\t\t\t\t<section class=\"elementor-section elementor-top-section elementor-element elementor-element-32bf579 elementor-section-boxed elementor-section-height-default elementor-section-height-default\" data-id=\"32bf579\" data-element_type=\"section\" data-e-type=\"section\">\n\t\t\t\t\t\t<div class=\"elementor-container elementor-column-gap-default\">\n\t\t\t\t\t<div class=\"elementor-column elementor-col-100 elementor-top-column elementor-element elementor-element-f517af2\" data-id=\"f517af2\" data-element_type=\"column\" data-e-type=\"column\">\n\t\t\t<div class=\"elementor-widget-wrap elementor-element-populated\">\n\t\t\t\t\t\t<div class=\"elementor-element elementor-element-5a37f13 elementor-widget elementor-widget-image\" data-id=\"5a37f13\" data-element_type=\"widget\" data-e-type=\"widget\" data-widget_type=\"image.default\">\n\t\t\t\t<div class=\"elementor-widget-container\">\n\t\t\t\t\t\t\t\t\t\t\t\t\t\t\t<img fetchpriority=\"high\" decoding=\"async\" width=\"1024\" height=\"768\" src=\"https:\/\/khoahocthethao.vn\/wp-content\/uploads\/2021\/03\/circulatory_system-56e73fe45f9b5854a9f962fc-1024x768.jpg\" class=\"attachment-large size-large wp-image-1799\" alt=\"\" srcset=\"https:\/\/khoahocthethao.vn\/wp-content\/uploads\/2021\/03\/circulatory_system-56e73fe45f9b5854a9f962fc-1024x768.jpg 1024w, https:\/\/khoahocthethao.vn\/wp-content\/uploads\/2021\/03\/circulatory_system-56e73fe45f9b5854a9f962fc-300x225.jpg 300w, https:\/\/khoahocthethao.vn\/wp-content\/uploads\/2021\/03\/circulatory_system-56e73fe45f9b5854a9f962fc-768x576.jpg 768w, https:\/\/khoahocthethao.vn\/wp-content\/uploads\/2021\/03\/circulatory_system-56e73fe45f9b5854a9f962fc-360x270.jpg 360w, https:\/\/khoahocthethao.vn\/wp-content\/uploads\/2021\/03\/circulatory_system-56e73fe45f9b5854a9f962fc.jpg 1329w\" sizes=\"(max-width: 1024px) 100vw, 1024px\" \/>\t\t\t\t\t\t\t\t\t\t\t\t\t\t\t<\/div>\n\t\t\t\t<\/div>\n\t\t\t\t\t<\/div>\n\t\t<\/div>\n\t\t\t\t\t<\/div>\n\t\t<\/section>\n\t\t\t\t<\/div>\n\t\t","protected":false},"excerpt":{"rendered":"<p>Gi\u1ea3i ph\u1eabu c\u01a1 th\u1ec3 L\u1ef1a ch\u1ecdn ph\u1ea7n ki\u1ebfn th\u1ee9c m\u00e0 c\u00e1c b\u1ea1n mu\u1ed1n xem t\u1ea1i \u0111\u00e2y Previous Next Gi\u1ea3i ph\u1eabu tr\u1ef1c tuy\u1ebfn, xem tr\u00ean \u0111i\u1ec7n tho\u1ea1i c\u1ea7n xoay ngang m\u00e0n h\u00ecnh ra \u0111ang c\u1eadp nh\u1eadp<\/p>\n","protected":false},"author":1,"featured_media":0,"parent":0,"menu_order":0,"comment_status":"closed","ping_status":"closed","template":"","meta":{"wprm-recipe-roundup-name":"","wprm-recipe-roundup-description":"","footnotes":""},"class_list":["post-236","page","type-page","status-publish","hentry"],"_links":{"self":[{"href":"https:\/\/khoahocthethao.vn\/index.php\/wp-json\/wp\/v2\/pages\/236","targetHints":{"allow":["GET"]}}],"collection":[{"href":"https:\/\/khoahocthethao.vn\/index.php\/wp-json\/wp\/v2\/pages"}],"about":[{"href":"https:\/\/khoahocthethao.vn\/index.php\/wp-json\/wp\/v2\/types\/page"}],"author":[{"embeddable":true,"href":"https:\/\/khoahocthethao.vn\/index.php\/wp-json\/wp\/v2\/users\/1"}],"replies":[{"embeddable":true,"href":"https:\/\/khoahocthethao.vn\/index.php\/wp-json\/wp\/v2\/comments?post=236"}],"version-history":[{"count":73,"href":"https:\/\/khoahocthethao.vn\/index.php\/wp-json\/wp\/v2\/pages\/236\/revisions"}],"predecessor-version":[{"id":1891,"href":"https:\/\/khoahocthethao.vn\/index.php\/wp-json\/wp\/v2\/pages\/236\/revisions\/1891"}],"wp:attachment":[{"href":"https:\/\/khoahocthethao.vn\/index.php\/wp-json\/wp\/v2\/media?parent=236"}],"curies":[{"name":"wp","href":"https:\/\/api.w.org\/{rel}","templated":true}]}}