{"id":2683,"date":"2021-08-19T21:27:14","date_gmt":"2021-08-19T14:27:14","guid":{"rendered":"https:\/\/khoahocthethao.vn\/?page_id=2683"},"modified":"2021-09-17T16:49:43","modified_gmt":"2021-09-17T09:49:43","slug":"test","status":"publish","type":"page","link":"https:\/\/khoahocthethao.vn\/index.php\/test\/","title":{"rendered":"test"},"content":{"rendered":"\t\t<div data-elementor-type=\"wp-page\" data-elementor-id=\"2683\" class=\"elementor elementor-2683\">\n\t\t\t\t\t\t<section class=\"elementor-section elementor-top-section elementor-element elementor-element-8eba686 elementor-section-boxed elementor-section-height-default elementor-section-height-default\" data-id=\"8eba686\" data-element_type=\"section\" data-e-type=\"section\">\n\t\t\t\t\t\t<div class=\"elementor-container elementor-column-gap-default\">\n\t\t\t\t\t<div class=\"elementor-column elementor-col-50 elementor-top-column elementor-element elementor-element-5c77de7\" data-id=\"5c77de7\" data-element_type=\"column\" data-e-type=\"column\">\n\t\t\t<div class=\"elementor-widget-wrap elementor-element-populated\">\n\t\t\t\t\t\t<div class=\"elementor-element elementor-element-f357304 elementor-widget elementor-widget-price-table\" data-id=\"f357304\" data-element_type=\"widget\" data-e-type=\"widget\" data-widget_type=\"price-table.default\">\n\t\t\t\t<div class=\"elementor-widget-container\">\n\t\t\t\t\t \t\t\t\t<\/div>\n\t\t\t\t<\/div>\n\t\t\t\t\t<\/div>\n\t\t<\/div>\n\t\t\t\t<div class=\"elementor-column elementor-col-50 elementor-top-column elementor-element elementor-element-d7f1148\" data-id=\"d7f1148\" data-element_type=\"column\" data-e-type=\"column\">\n\t\t\t<div class=\"elementor-widget-wrap elementor-element-populated\">\n\t\t\t\t\t\t<div class=\"elementor-element elementor-element-41cd49d elementor-widget elementor-widget-shortcode\" data-id=\"41cd49d\" data-element_type=\"widget\" data-e-type=\"widget\" data-widget_type=\"shortcode.default\">\n\t\t\t\t<div class=\"elementor-widget-container\">\n\t\t\t\t\t\t\t<div class=\"elementor-shortcode\">[woo3dviewer model_url=\"\/\/khoahocthethao.vn\/wp-content\/uploads\/2021\/09\/giay-the-thao1.obj\" material_url=\"\" thumbnail_url=\"\" canvas_width=\"500\" canvas_height=\"500\" canvas_border=\"true\" display_mode=\"3d_model\" display_mode_mobile=\"3d_model\" rendered_file_url=\"\" model_color=\"#c4a000\" background_color=\"#FFFFFF\" background_transparency=\"undefined\" model_transparency=\"opaque\" model_shininess=\"plastic\" show_grid=\"true\" grid_color=\"#898989\" show_ground=\"true\" ground_color=\"#c1c1c1\" show_shadow=\"false\" show_mirror=\"false\" auto_rotation=\"true\" rotation_x=\"360\" rotation_y=\"90\" rotation_z=\"0\" offset_z=\"0.8\" light_source1=\"false\" light_source2=\"true\" light_source3=\"false\" light_source4=\"false\" light_source5=\"false\" light_source6=\"true\" light_source7=\"false\" light_source8=\"false\" light_source9=\"false\" remember_camera_position=\"true\" show_controls=\"true\" camera_position_x=\"6.334289932250974\" camera_position_y=\"6.334289932250976\" camera_position_z=\"6.334289932250975\" camera_lookat_x=\"-0.5773502691896256\" camera_lookat_y=\"-0.5773502691896257\" camera_lookat_z=\"-0.5773502691896258\" controls_target_x=\"0\" controls_target_y=\"0\" controls_target_z=\"0\"]\n<\/div>\n\t\t\t\t\t\t<\/div>\n\t\t\t\t<\/div>\n\t\t\t\t\t<\/div>\n\t\t<\/div>\n\t\t\t\t\t<\/div>\n\t\t<\/section>\n\t\t\t\t<section class=\"elementor-section elementor-top-section elementor-element elementor-element-6e2aaf0 elementor-section-boxed elementor-section-height-default elementor-section-height-default\" data-id=\"6e2aaf0\" data-element_type=\"section\" data-e-type=\"section\">\n\t\t\t\t\t\t<div class=\"elementor-container elementor-column-gap-default\">\n\t\t\t\t\t<div class=\"elementor-column elementor-col-100 elementor-top-column elementor-element elementor-element-3d70c09\" data-id=\"3d70c09\" data-element_type=\"column\" data-e-type=\"column\">\n\t\t\t<div class=\"elementor-widget-wrap elementor-element-populated\">\n\t\t\t\t\t\t<div class=\"elementor-element elementor-element-f472c34 elementor-widget elementor-widget-html\" data-id=\"f472c34\" data-element_type=\"widget\" data-e-type=\"widget\" data-widget_type=\"html.default\">\n\t\t\t\t<div class=\"elementor-widget-container\">\n\t\t\t\t\t<iframe title=\"Giay thu nghiem\" frameborder=\"0\" allowfullscreen mozallowfullscreen=\"true\" webkitallowfullscreen=\"true\" allow=\"autoplay; fullscreen; xr-spatial-tracking\" xr-spatial-tracking execution-while-out-of-viewport execution-while-not-rendered web-share width=\"800\" height=\"600\" src=\"https:\/\/sketchfab.com\/models\/72125b9457bb47419cdb7feca0a9a860\/embed?autostart=1\"> <\/iframe>\t\t\t\t<\/div>\n\t\t\t\t<\/div>\n\t\t\t\t\t<\/div>\n\t\t<\/div>\n\t\t\t\t\t<\/div>\n\t\t<\/section>\n\t\t\t\t<\/div>\n\t\t","protected":false},"excerpt":{"rendered":"<p>Gi\u00e0y Convert H\u00e0ng t\u00e0u VN\u0110 50.000 List Item #1 List Item #2 List Item #3 Click Here This is text element Popular [woo3dviewer model_url=&#8221;\/\/khoahocthethao.vn\/wp-content\/uploads\/2021\/09\/giay-the-thao1.obj&#8221; material_url=&#8221;&#8221; thumbnail_url=&#8221;&#8221; canvas_width=&#8221;500&#8243; canvas_height=&#8221;500&#8243; canvas_border=&#8221;true&#8221; display_mode=&#8221;3d_model&#8221; display_mode_mobile=&#8221;3d_model&#8221; rendered_file_url=&#8221;&#8221; model_color=&#8221;#c4a000&#8243; background_color=&#8221;#FFFFFF&#8221; background_transparency=&#8221;undefined&#8221; model_transparency=&#8221;opaque&#8221; model_shininess=&#8221;plastic&#8221; show_grid=&#8221;true&#8221; grid_color=&#8221;#898989&#8243; show_ground=&#8221;true&#8221;&hellip;&nbsp;<a href=\"https:\/\/khoahocthethao.vn\/index.php\/test\/\" class=\"more-link\">Read More<\/a><\/p>\n","protected":false},"author":1,"featured_media":0,"parent":0,"menu_order":0,"comment_status":"closed","ping_status":"closed","template":"","meta":{"wprm-recipe-roundup-name":"","wprm-recipe-roundup-description":"","footnotes":""},"class_list":["post-2683","page","type-page","status-publish","hentry"],"_links":{"self":[{"href":"https:\/\/khoahocthethao.vn\/index.php\/wp-json\/wp\/v2\/pages\/2683","targetHints":{"allow":["GET"]}}],"collection":[{"href":"https:\/\/khoahocthethao.vn\/index.php\/wp-json\/wp\/v2\/pages"}],"about":[{"href":"https:\/\/khoahocthethao.vn\/index.php\/wp-json\/wp\/v2\/types\/page"}],"author":[{"embeddable":true,"href":"https:\/\/khoahocthethao.vn\/index.php\/wp-json\/wp\/v2\/users\/1"}],"replies":[{"embeddable":true,"href":"https:\/\/khoahocthethao.vn\/index.php\/wp-json\/wp\/v2\/comments?post=2683"}],"version-history":[{"count":89,"href":"https:\/\/khoahocthethao.vn\/index.php\/wp-json\/wp\/v2\/pages\/2683\/revisions"}],"predecessor-version":[{"id":2989,"href":"https:\/\/khoahocthethao.vn\/index.php\/wp-json\/wp\/v2\/pages\/2683\/revisions\/2989"}],"wp:attachment":[{"href":"https:\/\/khoahocthethao.vn\/index.php\/wp-json\/wp\/v2\/media?parent=2683"}],"curies":[{"name":"wp","href":"https:\/\/api.w.org\/{rel}","templated":true}]}}