{"id":318,"date":"2020-12-19T17:05:01","date_gmt":"2020-12-19T10:05:01","guid":{"rendered":"https:\/\/khoahocthethao.vn\/?page_id=318"},"modified":"2021-02-03T18:11:48","modified_gmt":"2021-02-03T11:11:48","slug":"nghien-cuu-khoa-hoc","status":"publish","type":"page","link":"https:\/\/khoahocthethao.vn\/index.php\/nghien-cuu-khoa-hoc\/","title":{"rendered":"Nghi\u00ean C\u1ee9u Khoa H\u1ecdc"},"content":{"rendered":"\t\t<div data-elementor-type=\"wp-page\" data-elementor-id=\"318\" class=\"elementor elementor-318\">\n\t\t\t\t\t\t<section class=\"elementor-section elementor-top-section elementor-element elementor-element-e01733f elementor-section-boxed elementor-section-height-default elementor-section-height-default\" data-id=\"e01733f\" data-element_type=\"section\" data-e-type=\"section\">\n\t\t\t\t\t\t<div class=\"elementor-container elementor-column-gap-default\">\n\t\t\t\t\t<div class=\"elementor-column elementor-col-100 elementor-top-column elementor-element elementor-element-503709b\" data-id=\"503709b\" data-element_type=\"column\" data-e-type=\"column\">\n\t\t\t<div class=\"elementor-widget-wrap elementor-element-populated\">\n\t\t\t\t\t\t<div class=\"elementor-element elementor-element-401d0be elementor-widget elementor-widget-text-editor\" data-id=\"401d0be\" data-element_type=\"widget\" data-e-type=\"widget\" data-widget_type=\"text-editor.default\">\n\t\t\t\t<div class=\"elementor-widget-container\">\n\t\t\t\t\t\t\t\t\t<h3>Chuy\u00ean m\u1ee5c n\u00e0y cung c\u1ea5p th\u00f4ng tin v\u00e0 ki\u1ebfn th\u1ee9c chuy\u00ean s\u00e2u v\u1ec1 tuy\u1ec3n ch\u1ecdn v\u1eadn \u0111\u1ed9ng vi\u00ean, c\u00e1c chu k\u00ec hu\u1ea5n luy\u1ec7n, t\u1eadp luy\u1ec7n v\u00e0 thi \u0111\u1ea5u th\u1ec3 thao.<\/h3>\t\t\t\t\t\t\t\t<\/div>\n\t\t\t\t<\/div>\n\t\t\t\t\t<\/div>\n\t\t<\/div>\n\t\t\t\t\t<\/div>\n\t\t<\/section>\n\t\t\t\t<section class=\"elementor-section elementor-top-section elementor-element elementor-element-ac22dc8 elementor-section-boxed elementor-section-height-default elementor-section-height-default\" data-id=\"ac22dc8\" data-element_type=\"section\" data-e-type=\"section\">\n\t\t\t\t\t\t<div class=\"elementor-container elementor-column-gap-default\">\n\t\t\t\t\t<div class=\"elementor-column elementor-col-100 elementor-top-column elementor-element elementor-element-446000b\" data-id=\"446000b\" data-element_type=\"column\" data-e-type=\"column\">\n\t\t\t<div class=\"elementor-widget-wrap elementor-element-populated\">\n\t\t\t\t\t\t<div class=\"elementor-element elementor-element-ee6f3e0 elementor-widget elementor-widget-heading\" data-id=\"ee6f3e0\" data-element_type=\"widget\" data-e-type=\"widget\" data-widget_type=\"heading.default\">\n\t\t\t\t<div class=\"elementor-widget-container\">\n\t\t\t\t\t<h2 class=\"elementor-heading-title elementor-size-default\">Test ki\u1ec3m tra T\u1ed1 ch\u1ea5t v\u1eadn \u0111\u1ed9ng<\/h2>\t\t\t\t<\/div>\n\t\t\t\t<\/div>\n\t\t\t\t\t<\/div>\n\t\t<\/div>\n\t\t\t\t\t<\/div>\n\t\t<\/section>\n\t\t\t\t<section class=\"elementor-section elementor-top-section elementor-element elementor-element-42dd869 elementor-section-boxed elementor-section-height-default elementor-section-height-default\" data-id=\"42dd869\" data-element_type=\"section\" data-e-type=\"section\">\n\t\t\t\t\t\t<div class=\"elementor-container elementor-column-gap-default\">\n\t\t\t\t\t<div class=\"elementor-column elementor-col-100 elementor-top-column elementor-element elementor-element-7bd3250\" data-id=\"7bd3250\" data-element_type=\"column\" data-e-type=\"column\">\n\t\t\t<div class=\"elementor-widget-wrap elementor-element-populated\">\n\t\t\t\t\t\t<div class=\"elementor-element elementor-element-14b5f45 elementor-align-center elementor-widget elementor-widget-button\" data-id=\"14b5f45\" data-element_type=\"widget\" data-e-type=\"widget\" data-widget_type=\"button.default\">\n\t\t\t\t<div class=\"elementor-widget-container\">\n\t\t\t\t\t\t\t\t\t<div class=\"elementor-button-wrapper\">\n\t\t\t\t\t<a class=\"elementor-button elementor-button-link elementor-size-sm\" href=\"https:\/\/khoahocthethao.vn\/index.php\/test-kiem-tra-to-chat-van-dong\/\">\n\t\t\t\t\t\t<span class=\"elementor-button-content-wrapper\">\n\t\t\t\t\t\t\t\t\t<span class=\"elementor-button-text\">B\u1ea5m v\u00e0o \u0111\u00e2y<\/span>\n\t\t\t\t\t<\/span>\n\t\t\t\t\t<\/a>\n\t\t\t\t<\/div>\n\t\t\t\t\t\t\t\t<\/div>\n\t\t\t\t<\/div>\n\t\t\t\t\t<\/div>\n\t\t<\/div>\n\t\t\t\t\t<\/div>\n\t\t<\/section>\n\t\t\t\t<section class=\"elementor-section elementor-top-section elementor-element elementor-element-3d50012 elementor-section-boxed elementor-section-height-default elementor-section-height-default\" data-id=\"3d50012\" data-element_type=\"section\" data-e-type=\"section\">\n\t\t\t\t\t\t<div class=\"elementor-container elementor-column-gap-default\">\n\t\t\t\t\t<div class=\"elementor-column elementor-col-100 elementor-top-column elementor-element elementor-element-8fad86b\" data-id=\"8fad86b\" data-element_type=\"column\" data-e-type=\"column\">\n\t\t\t<div class=\"elementor-widget-wrap elementor-element-populated\">\n\t\t\t\t\t\t<div class=\"elementor-element elementor-element-bece661 elementor-widget elementor-widget-heading\" data-id=\"bece661\" data-element_type=\"widget\" data-e-type=\"widget\" data-widget_type=\"heading.default\">\n\t\t\t\t<div class=\"elementor-widget-container\">\n\t\t\t\t\t<h2 class=\"elementor-heading-title elementor-size-default\">Test ki\u1ec3m tra K\u0129 - Chi\u1ebfn thu\u1eadt<\/h2>\t\t\t\t<\/div>\n\t\t\t\t<\/div>\n\t\t\t\t\t<\/div>\n\t\t<\/div>\n\t\t\t\t\t<\/div>\n\t\t<\/section>\n\t\t\t\t<section class=\"elementor-section elementor-top-section elementor-element elementor-element-818ed0a elementor-section-boxed elementor-section-height-default elementor-section-height-default\" data-id=\"818ed0a\" data-element_type=\"section\" data-e-type=\"section\">\n\t\t\t\t\t\t<div class=\"elementor-container elementor-column-gap-default\">\n\t\t\t\t\t<div class=\"elementor-column elementor-col-100 elementor-top-column elementor-element elementor-element-c1219f2\" data-id=\"c1219f2\" data-element_type=\"column\" data-e-type=\"column\">\n\t\t\t<div class=\"elementor-widget-wrap elementor-element-populated\">\n\t\t\t\t\t\t<div class=\"elementor-element elementor-element-6514504 elementor-align-center elementor-widget elementor-widget-button\" data-id=\"6514504\" data-element_type=\"widget\" data-e-type=\"widget\" data-widget_type=\"button.default\">\n\t\t\t\t<div class=\"elementor-widget-container\">\n\t\t\t\t\t\t\t\t\t<div class=\"elementor-button-wrapper\">\n\t\t\t\t\t<a class=\"elementor-button elementor-button-link elementor-size-sm\" href=\"https:\/\/khoahocthethao.vn\/index.php\/test-kiem-tra-ki-chien-thuat\/\">\n\t\t\t\t\t\t<span class=\"elementor-button-content-wrapper\">\n\t\t\t\t\t\t\t\t\t<span class=\"elementor-button-text\">B\u1ea5m v\u00e0o \u0111\u00e2y<\/span>\n\t\t\t\t\t<\/span>\n\t\t\t\t\t<\/a>\n\t\t\t\t<\/div>\n\t\t\t\t\t\t\t\t<\/div>\n\t\t\t\t<\/div>\n\t\t\t\t\t<\/div>\n\t\t<\/div>\n\t\t\t\t\t<\/div>\n\t\t<\/section>\n\t\t\t\t<section class=\"elementor-section elementor-top-section elementor-element elementor-element-fac98a6 elementor-section-boxed elementor-section-height-default elementor-section-height-default\" data-id=\"fac98a6\" data-element_type=\"section\" data-e-type=\"section\">\n\t\t\t\t\t\t<div class=\"elementor-container elementor-column-gap-default\">\n\t\t\t\t\t<div class=\"elementor-column elementor-col-100 elementor-top-column elementor-element elementor-element-d37afc9\" data-id=\"d37afc9\" data-element_type=\"column\" data-e-type=\"column\">\n\t\t\t<div class=\"elementor-widget-wrap elementor-element-populated\">\n\t\t\t\t\t\t<div class=\"elementor-element elementor-element-e6aceb9 elementor-widget elementor-widget-share-buttons\" data-id=\"e6aceb9\" data-element_type=\"widget\" data-e-type=\"widget\" data-widget_type=\"share-buttons.default\">\n\t\t\t\t<div class=\"elementor-widget-container\">\n\t\t\t\t\t \t\t\t\t<\/div>\n\t\t\t\t<\/div>\n\t\t\t\t\t<\/div>\n\t\t<\/div>\n\t\t\t\t\t<\/div>\n\t\t<\/section>\n\t\t\t\t<\/div>\n\t\t","protected":false},"excerpt":{"rendered":"<p>Chuy\u00ean m\u1ee5c n\u00e0y cung c\u1ea5p th\u00f4ng tin v\u00e0 ki\u1ebfn th\u1ee9c chuy\u00ean s\u00e2u v\u1ec1 tuy\u1ec3n ch\u1ecdn v\u1eadn \u0111\u1ed9ng vi\u00ean, c\u00e1c chu k\u00ec hu\u1ea5n luy\u1ec7n, t\u1eadp luy\u1ec7n v\u00e0 thi \u0111\u1ea5u th\u1ec3 thao. Test ki\u1ec3m tra T\u1ed1 ch\u1ea5t v\u1eadn \u0111\u1ed9ng B\u1ea5m v\u00e0o \u0111\u00e2y&hellip;&nbsp;<a href=\"https:\/\/khoahocthethao.vn\/index.php\/nghien-cuu-khoa-hoc\/\" class=\"more-link\">Read More<\/a><\/p>\n","protected":false},"author":1,"featured_media":0,"parent":0,"menu_order":0,"comment_status":"closed","ping_status":"closed","template":"","meta":{"wprm-recipe-roundup-name":"","wprm-recipe-roundup-description":"","footnotes":""},"class_list":["post-318","page","type-page","status-publish","hentry"],"_links":{"self":[{"href":"https:\/\/khoahocthethao.vn\/index.php\/wp-json\/wp\/v2\/pages\/318","targetHints":{"allow":["GET"]}}],"collection":[{"href":"https:\/\/khoahocthethao.vn\/index.php\/wp-json\/wp\/v2\/pages"}],"about":[{"href":"https:\/\/khoahocthethao.vn\/index.php\/wp-json\/wp\/v2\/types\/page"}],"author":[{"embeddable":true,"href":"https:\/\/khoahocthethao.vn\/index.php\/wp-json\/wp\/v2\/users\/1"}],"replies":[{"embeddable":true,"href":"https:\/\/khoahocthethao.vn\/index.php\/wp-json\/wp\/v2\/comments?post=318"}],"version-history":[{"count":14,"href":"https:\/\/khoahocthethao.vn\/index.php\/wp-json\/wp\/v2\/pages\/318\/revisions"}],"predecessor-version":[{"id":1116,"href":"https:\/\/khoahocthethao.vn\/index.php\/wp-json\/wp\/v2\/pages\/318\/revisions\/1116"}],"wp:attachment":[{"href":"https:\/\/khoahocthethao.vn\/index.php\/wp-json\/wp\/v2\/media?parent=318"}],"curies":[{"name":"wp","href":"https:\/\/api.w.org\/{rel}","templated":true}]}}