{"id":3898,"date":"2023-08-12T11:14:45","date_gmt":"2023-08-12T04:14:45","guid":{"rendered":"https:\/\/khoahocthethao.vn\/?page_id=3898"},"modified":"2023-08-12T16:46:08","modified_gmt":"2023-08-12T09:46:08","slug":"form-dang-ki-test","status":"publish","type":"page","link":"https:\/\/khoahocthethao.vn\/index.php\/form-dang-ki-test\/","title":{"rendered":"Form \u0111\u0103ng k\u00ed test"},"content":{"rendered":"\t\t<div data-elementor-type=\"wp-page\" data-elementor-id=\"3898\" class=\"elementor elementor-3898\">\n\t\t\t\t\t\t<section class=\"elementor-section elementor-top-section elementor-element elementor-element-4e6ae98 elementor-section-boxed elementor-section-height-default elementor-section-height-default\" data-id=\"4e6ae98\" data-element_type=\"section\" data-e-type=\"section\">\n\t\t\t\t\t\t<div class=\"elementor-container elementor-column-gap-default\">\n\t\t\t\t\t<div class=\"elementor-column elementor-col-100 elementor-top-column elementor-element elementor-element-32f6e9b\" data-id=\"32f6e9b\" data-element_type=\"column\" data-e-type=\"column\">\n\t\t\t<div class=\"elementor-widget-wrap elementor-element-populated\">\n\t\t\t\t\t\t<div class=\"elementor-element elementor-element-7b0fc93 elementor-widget elementor-widget-html\" data-id=\"7b0fc93\" data-element_type=\"widget\" data-e-type=\"widget\" data-widget_type=\"html.default\">\n\t\t\t\t<div class=\"elementor-widget-container\">\n\t\t\t\t\t<button onclick=\"myFunction1()\">Registration Form for Wellness Class<\/button>\r\n\r\n<div id=\"dangki\">\r\n <iframe src=\"https:\/\/docs.google.com\/forms\/d\/e\/1FAIpQLSdg_WjXk5oPlw_CH-kKz7kAEwsDuQn9mzrWKahbxDoG1UoDjA\/viewform?embedded=true\" width=\"640\" height=\"1985\" frameborder=\"0\" marginheight=\"0\" marginwidth=\"0\">\u0110ang t\u1ea3i\u2026<\/iframe>\r\n<\/div>\r\n<script>\r\nfunction myFunction1() {\r\n  var y = document.getElementById(\"dangki\");\r\n  if (y.style.display === \"none\") {\r\n    y.style.display = \"block\";\r\n  } else {\r\n    y.style.display = \"none\";\r\n  }\r\n}\r\n<\/script>\r\n<style>\r\n#dangki {\r\n    display:none;\r\n}    \r\n<\/style>\t\t\t\t<\/div>\n\t\t\t\t<\/div>\n\t\t\t\t\t<\/div>\n\t\t<\/div>\n\t\t\t\t\t<\/div>\n\t\t<\/section>\n\t\t\t\t<section class=\"elementor-section elementor-top-section elementor-element elementor-element-e6477cc elementor-section-boxed elementor-section-height-default elementor-section-height-default\" data-id=\"e6477cc\" data-element_type=\"section\" data-e-type=\"section\">\n\t\t\t\t\t\t<div class=\"elementor-container elementor-column-gap-default\">\n\t\t\t\t\t<div class=\"elementor-column elementor-col-100 elementor-top-column elementor-element elementor-element-8c08699\" data-id=\"8c08699\" data-element_type=\"column\" data-e-type=\"column\">\n\t\t\t<div class=\"elementor-widget-wrap elementor-element-populated\">\n\t\t\t\t\t\t<div class=\"elementor-element elementor-element-0818448 elementor-widget elementor-widget-html\" data-id=\"0818448\" data-element_type=\"widget\" data-e-type=\"widget\" data-widget_type=\"html.default\">\n\t\t\t\t<div class=\"elementor-widget-container\">\n\t\t\t\t\t<button onclick=\"myFunction()\">Class September<\/button>\r\n\r\n<div id=\"myDIV\">\r\n  <iframe width=\"1048\" height=\"486\" seamless frameborder=\"0\" scrolling=\"yes\" src=\"https:\/\/docs.google.com\/spreadsheets\/d\/e\/2PACX-1vT2sYt6BlM0VeUgRdvDSAMpomcTRhRBtyu5sJ0jMJL9Oc5kprSfpPevK7WVMmfb1Ueb60Z0xGSZfiGw\/pubchart?oid=1479308571&amp;format=interactive\"><\/iframe>\r\n  <iframe width=\"1048\" height=\"486\" seamless frameborder=\"0\" scrolling=\"yes\" src=\"https:\/\/docs.google.com\/spreadsheets\/d\/e\/2PACX-1vT2sYt6BlM0VeUgRdvDSAMpomcTRhRBtyu5sJ0jMJL9Oc5kprSfpPevK7WVMmfb1Ueb60Z0xGSZfiGw\/pubchart?oid=298169943&amp;format=interactive\"><\/iframe>\r\n  <iframe width=\"1048\" height=\"486\" seamless frameborder=\"0\" scrolling=\"yes\" src=\"https:\/\/docs.google.com\/spreadsheets\/d\/e\/2PACX-1vT2sYt6BlM0VeUgRdvDSAMpomcTRhRBtyu5sJ0jMJL9Oc5kprSfpPevK7WVMmfb1Ueb60Z0xGSZfiGw\/pubchart?oid=747456547&amp;format=interactive\"><\/iframe>\r\n  <iframe width=\"1048\" height=\"486\" seamless frameborder=\"0\" scrolling=\"yes\" src=\"https:\/\/docs.google.com\/spreadsheets\/d\/e\/2PACX-1vT2sYt6BlM0VeUgRdvDSAMpomcTRhRBtyu5sJ0jMJL9Oc5kprSfpPevK7WVMmfb1Ueb60Z0xGSZfiGw\/pubchart?oid=463985140&amp;format=interactive\"><\/iframe>\r\n<\/div>\r\n<script>\r\nfunction myFunction() {\r\n  var x = document.getElementById(\"myDIV\");\r\n  if (x.style.display === \"none\") {\r\n    x.style.display = \"block\";\r\n  } else {\r\n    x.style.display = \"none\";\r\n  }\r\n}\r\n<\/script>\r\n<style>\r\n#myDIV {\r\n    display:none;\r\n}    \r\n<\/style>\t\t\t\t<\/div>\n\t\t\t\t<\/div>\n\t\t\t\t<div class=\"elementor-element elementor-element-c8e4f89 elementor-widget elementor-widget-html\" data-id=\"c8e4f89\" data-element_type=\"widget\" data-e-type=\"widget\" data-widget_type=\"html.default\">\n\t\t\t\t<div class=\"elementor-widget-container\">\n\t\t\t\t\t<button onclick=\"myFunction3()\">Who join with you<\/button>\r\n\r\n<div id=\"my\">\r\n <iframe src=\"https:\/\/docs.google.com\/spreadsheets\/d\/e\/2PACX-1vT2sYt6BlM0VeUgRdvDSAMpomcTRhRBtyu5sJ0jMJL9Oc5kprSfpPevK7WVMmfb1Ueb60Z0xGSZfiGw\/pubhtml?gid=2072540678&amp;single=true&amp;widget=true&amp;headers=false\"><\/iframe>\r\n<\/div>\r\n<script>\r\nfunction myFunction3() {\r\n  var a = document.getElementById(\"my\");\r\n  if (a.style.display === \"none\") {\r\n    a.style.display = \"block\";\r\n  } else {\r\n    a.style.display = \"none\";\r\n  }\r\n}\r\n<\/script>\r\n<style>\r\n#my {\r\n    display:none;\r\n}    \r\n<\/style>\t\t\t\t<\/div>\n\t\t\t\t<\/div>\n\t\t\t\t\t<\/div>\n\t\t<\/div>\n\t\t\t\t\t<\/div>\n\t\t<\/section>\n\t\t\t\t<\/div>\n\t\t","protected":false},"excerpt":{"rendered":"<p>Registration Form for Wellness Class \u0110ang t\u1ea3i\u2026 Class September Who join with you<\/p>\n","protected":false},"author":1,"featured_media":0,"parent":0,"menu_order":0,"comment_status":"closed","ping_status":"closed","template":"","meta":{"wprm-recipe-roundup-name":"","wprm-recipe-roundup-description":"","footnotes":""},"class_list":["post-3898","page","type-page","status-publish","hentry"],"_links":{"self":[{"href":"https:\/\/khoahocthethao.vn\/index.php\/wp-json\/wp\/v2\/pages\/3898","targetHints":{"allow":["GET"]}}],"collection":[{"href":"https:\/\/khoahocthethao.vn\/index.php\/wp-json\/wp\/v2\/pages"}],"about":[{"href":"https:\/\/khoahocthethao.vn\/index.php\/wp-json\/wp\/v2\/types\/page"}],"author":[{"embeddable":true,"href":"https:\/\/khoahocthethao.vn\/index.php\/wp-json\/wp\/v2\/users\/1"}],"replies":[{"embeddable":true,"href":"https:\/\/khoahocthethao.vn\/index.php\/wp-json\/wp\/v2\/comments?post=3898"}],"version-history":[{"count":136,"href":"https:\/\/khoahocthethao.vn\/index.php\/wp-json\/wp\/v2\/pages\/3898\/revisions"}],"predecessor-version":[{"id":4041,"href":"https:\/\/khoahocthethao.vn\/index.php\/wp-json\/wp\/v2\/pages\/3898\/revisions\/4041"}],"wp:attachment":[{"href":"https:\/\/khoahocthethao.vn\/index.php\/wp-json\/wp\/v2\/media?parent=3898"}],"curies":[{"name":"wp","href":"https:\/\/api.w.org\/{rel}","templated":true}]}}