{"id":481,"date":"2021-01-05T11:15:56","date_gmt":"2021-01-05T04:15:56","guid":{"rendered":"https:\/\/khoahocthethao.vn\/?page_id=481"},"modified":"2021-01-25T11:38:12","modified_gmt":"2021-01-25T04:38:12","slug":"nhip-dieu","status":"publish","type":"page","link":"https:\/\/khoahocthethao.vn\/index.php\/nhip-dieu\/","title":{"rendered":"Nh\u1ecbp \u0110i\u1ec7u"},"content":{"rendered":"\t\t<div data-elementor-type=\"wp-page\" data-elementor-id=\"481\" class=\"elementor elementor-481\">\n\t\t\t\t\t\t<section class=\"elementor-section elementor-top-section elementor-element elementor-element-b3522a0 elementor-section-boxed elementor-section-height-default elementor-section-height-default\" data-id=\"b3522a0\" data-element_type=\"section\" data-e-type=\"section\">\n\t\t\t\t\t\t<div class=\"elementor-container elementor-column-gap-default\">\n\t\t\t\t\t<div class=\"elementor-column elementor-col-100 elementor-top-column elementor-element elementor-element-0b82a05\" data-id=\"0b82a05\" data-element_type=\"column\" data-e-type=\"column\">\n\t\t\t<div class=\"elementor-widget-wrap elementor-element-populated\">\n\t\t\t\t\t\t<div class=\"elementor-element elementor-element-8612d47 elementor-widget elementor-widget-heading\" data-id=\"8612d47\" data-element_type=\"widget\" data-e-type=\"widget\" data-widget_type=\"heading.default\">\n\t\t\t\t<div class=\"elementor-widget-container\">\n\t\t\t\t\t<h2 class=\"elementor-heading-title elementor-size-default\">C\u01a1 s\u1edf khoa h\u1ecdc c\u1ee7a t\u00ednh Nh\u1ecbp \u0110i\u1ec7u<\/h2>\t\t\t\t<\/div>\n\t\t\t\t<\/div>\n\t\t\t\t\t<\/div>\n\t\t<\/div>\n\t\t\t\t\t<\/div>\n\t\t<\/section>\n\t\t\t\t<section class=\"elementor-section elementor-top-section elementor-element elementor-element-d022aeb elementor-section-boxed elementor-section-height-default elementor-section-height-default\" data-id=\"d022aeb\" data-element_type=\"section\" data-e-type=\"section\">\n\t\t\t\t\t\t<div class=\"elementor-container elementor-column-gap-default\">\n\t\t\t\t\t<div class=\"elementor-column elementor-col-100 elementor-top-column elementor-element elementor-element-0cac20b\" data-id=\"0cac20b\" data-element_type=\"column\" data-e-type=\"column\">\n\t\t\t<div class=\"elementor-widget-wrap elementor-element-populated\">\n\t\t\t\t\t\t<div class=\"elementor-element elementor-element-230b5bf elementor-widget elementor-widget-image\" data-id=\"230b5bf\" data-element_type=\"widget\" data-e-type=\"widget\" data-widget_type=\"image.default\">\n\t\t\t\t<div class=\"elementor-widget-container\">\n\t\t\t\t\t\t\t\t\t\t\t\t\t\t\t<img fetchpriority=\"high\" decoding=\"async\" width=\"640\" height=\"486\" src=\"https:\/\/khoahocthethao.vn\/wp-content\/uploads\/2021\/01\/4-2.jpg\" class=\"attachment-large size-large wp-image-687\" alt=\"\" srcset=\"https:\/\/khoahocthethao.vn\/wp-content\/uploads\/2021\/01\/4-2.jpg 800w, https:\/\/khoahocthethao.vn\/wp-content\/uploads\/2021\/01\/4-2-300x228.jpg 300w, https:\/\/khoahocthethao.vn\/wp-content\/uploads\/2021\/01\/4-2-768x583.jpg 768w\" sizes=\"(max-width: 640px) 100vw, 640px\" \/>\t\t\t\t\t\t\t\t\t\t\t\t\t\t\t<\/div>\n\t\t\t\t<\/div>\n\t\t\t\t\t<\/div>\n\t\t<\/div>\n\t\t\t\t\t<\/div>\n\t\t<\/section>\n\t\t\t\t<section class=\"elementor-section elementor-top-section elementor-element elementor-element-11a66cf elementor-section-boxed elementor-section-height-default elementor-section-height-default\" data-id=\"11a66cf\" data-element_type=\"section\" data-e-type=\"section\">\n\t\t\t\t\t\t<div class=\"elementor-container elementor-column-gap-default\">\n\t\t\t\t\t<div class=\"elementor-column elementor-col-100 elementor-top-column elementor-element elementor-element-3509539\" data-id=\"3509539\" data-element_type=\"column\" data-e-type=\"column\">\n\t\t\t<div class=\"elementor-widget-wrap elementor-element-populated\">\n\t\t\t\t\t\t<div class=\"elementor-element elementor-element-8d16b95 elementor-widget elementor-widget-text-editor\" data-id=\"8d16b95\" data-element_type=\"widget\" data-e-type=\"widget\" data-widget_type=\"text-editor.default\">\n\t\t\t\t<div class=\"elementor-widget-container\">\n\t\t\t\t\t\t\t\t\t<p><em>Nh\u1ecbp \u0111i\u1ec7u<\/em><\/p><p>Nh\u1ecbp \u0111i\u1ec7u ch\u1ec9 s\u1ef1 nh\u1ecbp nh\u00e0ng, t\u1ed1c \u0111\u1ed9 \u0111\u1ed9ng t\u00e1c \u1ed5n \u0111\u1ecbnh (ho\u1eb7c nhanh ch\u1eadm h\u1ee3p l\u00fd) v\u00e0 m\u1ee9c \u0111\u1ed9 thu\u1ea7n th\u1ee5c khi th\u1ef1c hi\u1ec7n ho\u1ea1t \u0111\u1ed9ng v\u1eadn \u0111\u1ed9ng. Nh\u1ecbp \u0111i\u1ec7u c\u00f3 t\u01b0\u01a1ng quan m\u1eadt thi\u1ebft \u0111\u1ed1i v\u1edbi c\u1ea3m gi\u00e1c v\u1eadn \u0111\u1ed9ng, t\u1ed1c \u0111\u1ed9 v\u00e0 s\u1ef1 linh ho\u1ea1t, \u1edf m\u1ee9c \u0111\u1ed9 n\u00e0o \u0111\u00f3 nh\u1ecbp \u0111i\u1ec7u l\u00e0 nh\u00e2n t\u1ed1 c\u00f3 t\u00ednh b\u1ea9m sinh, nh\u01b0ng th\u00f4ng qua t\u1eadp luy\u1ec7n v\u1eabn c\u00f3 th\u1ec3 n\u00e2ng cao \u0111\u01b0\u1ee3c nh\u1ecbp \u0111i\u1ec7u.<\/p>\t\t\t\t\t\t\t\t<\/div>\n\t\t\t\t<\/div>\n\t\t\t\t\t<\/div>\n\t\t<\/div>\n\t\t\t\t\t<\/div>\n\t\t<\/section>\n\t\t\t\t<section class=\"elementor-section elementor-top-section elementor-element elementor-element-3c918d5 elementor-section-boxed elementor-section-height-default elementor-section-height-default\" data-id=\"3c918d5\" data-element_type=\"section\" data-e-type=\"section\">\n\t\t\t\t\t\t<div class=\"elementor-container elementor-column-gap-default\">\n\t\t\t\t\t<div class=\"elementor-column elementor-col-100 elementor-top-column elementor-element elementor-element-13b453c\" data-id=\"13b453c\" data-element_type=\"column\" data-e-type=\"column\">\n\t\t\t<div class=\"elementor-widget-wrap elementor-element-populated\">\n\t\t\t\t\t\t<div class=\"elementor-element elementor-element-694b768 elementor-widget elementor-widget-heading\" data-id=\"694b768\" data-element_type=\"widget\" data-e-type=\"widget\" data-widget_type=\"heading.default\">\n\t\t\t\t<div class=\"elementor-widget-container\">\n\t\t\t\t\t<h2 class=\"elementor-heading-title elementor-size-default\">M\u1ed9t s\u1ed1 test v\u1ec1 t\u00ednh Nh\u1ecbp \u0110i\u1ec7u<\/h2>\t\t\t\t<\/div>\n\t\t\t\t<\/div>\n\t\t\t\t\t<\/div>\n\t\t<\/div>\n\t\t\t\t\t<\/div>\n\t\t<\/section>\n\t\t\t\t<section class=\"elementor-section elementor-top-section elementor-element elementor-element-a83df1a elementor-section-boxed elementor-section-height-default elementor-section-height-default\" data-id=\"a83df1a\" data-element_type=\"section\" data-e-type=\"section\">\n\t\t\t\t\t\t<div class=\"elementor-container elementor-column-gap-default\">\n\t\t\t\t\t<div class=\"elementor-column elementor-col-100 elementor-top-column elementor-element elementor-element-00e4218\" data-id=\"00e4218\" data-element_type=\"column\" data-e-type=\"column\">\n\t\t\t<div class=\"elementor-widget-wrap elementor-element-populated\">\n\t\t\t\t\t\t<div class=\"elementor-element elementor-element-0710fd5 elementor-widget elementor-widget-text-editor\" data-id=\"0710fd5\" data-element_type=\"widget\" data-e-type=\"widget\" data-widget_type=\"text-editor.default\">\n\t\t\t\t<div class=\"elementor-widget-container\">\n\t\t\t\t\t\t\t\t\t<p><em>D\u01b0\u1edbi \u0111\u00e2y l\u00e0 m\u1ed9t s\u1ed1 test tham kh\u1ea3o, kh\u00f4ng \u0111\u1eb7c th\u00f9 cho t\u1eebng m\u00f4n.<\/em><\/p>\n<p><em>a). Ki\u1ec3m tra nh\u1ecbp \u0111i\u1ec7u (x\u1ebfp lo\u1ea1i)<\/em><\/p>\n<ul>\n<li>M\u1ee5c \u0111\u00edch: \u0110\u00e1nh gi\u00e1 kh\u1ea3 n\u0103ng l\u1eb7p l\u1ea1i nh\u1ecbp \u0111i\u1ec7u bi\u1ebft tr\u01b0\u1edbc.<\/li>\n<li>Trang thi\u1ebft b\u1ecb: M\u00e1y g\u00f5 nh\u1ecbp, \u0111\u1ed3ng h\u1ed3 t\u00ednh th\u1eddi gian.<\/li>\n<li>Ph\u01b0\u01a1ng ph\u00e1p ki\u1ec3m tra: M\u00e1y g\u00f5 nh\u1ecbp ph\u1ed1i \u00e2m v\u1edbi t\u1ed1c \u0111\u1ed9 m\u1ed7i ph\u00fat 60 l\u1ea7n, 120 l\u1ea7n v\u00e0 180 l\u1ea7n, sao cho m\u1ed7i 10s c\u00f3 10, 20, 30 l\u1ea7n g\u00f5. Tr\u01b0\u1edbc khi ki\u1ec3m tra, \u0111\u1ec3 ng\u01b0\u1eddi th\u1ef1c hi\u1ec7n nghe th\u1eed 1 l\u1ea7n nh\u1ecbp \u00e2m c\u1ee7a t\u1eebng lo\u1ea1i nh\u1ecbp \u0111i\u1ec7u (20-30s), sau \u0111\u00f3 y\u00eau c\u1ea7u ng\u01b0\u1eddi \u0111\u01b0\u1ee3c ki\u1ec3m tra th\u1ef1c hi\u1ec7n b\u01b0\u1edbc ch\u00e2n t\u1ea1i ch\u1ed7 theo nh\u1ecbp tr\u00ean trong \u0111i\u1ec1u ki\u1ec7n kh\u00f4ng c\u00f3 \u00e2m thanh c\u1ee7a m\u00e1y g\u00f5 nh\u1ecbp. Ng\u01b0\u1eddi ki\u1ec3m tra ghi l\u1ea1i s\u1ed1 b\u01b0\u1edbc trong 10 gi\u00e2y.<\/li>\n<li>Ph\u01b0\u01a1ng ph\u00e1p \u0111\u00e1nh gi\u00e1: s\u1ed1 b\u01b0\u1edbc sai trong m\u1ed7i 10s c\u1ee7a t\u1eebng lo\u1ea1i nh\u1ecbp \u0111i\u1ec7u, s\u1ed1 l\u1ea7n sai c\u00e0ng \u00edt, th\u00e0nh t\u00edch c\u00e0ng t\u1ed1t (b\u1ea3ng d\u01b0\u1edbi).<\/li>\n<li>Nh\u1eefng \u0111i\u1ec1u ch\u00fa \u00fd: C\u1ea7n ghi ch\u00ednh x\u00e1c s\u1ed1 b\u01b0\u1edbc ch\u00e2n.<\/li>\n<\/ul>\n<p><strong>B\u1ea3ng:&nbsp; Ti\u00eau chu\u1ea9n x\u1ebfp lo\u1ea1i ki\u1ec3m nghi\u1ec7m nh\u1ecbp \u0111i\u1ec7u<\/strong><\/p>\n<table>\n<tbody>\n<tr>\n<td width=\"131\">\n<p><strong>T\u1ed5ng s\u1ed1 l\u1ea7n sai<\/strong><\/p>\n<\/td>\n<td width=\"62\">\n<p><strong>X\u1ebfp lo\u1ea1i<\/strong><\/p>\n<\/td>\n<td width=\"131\">\n<p><strong>T\u1ed5ng s\u1ed1 l\u1ea7n sai<\/strong><\/p>\n<\/td>\n<td width=\"109\">\n<p><strong>X\u1ebfp lo\u1ea1i<\/strong><\/p>\n<\/td>\n<td width=\"86\">\n<p><strong>T\u1ed5ng s\u1ed1 l\u1ea7n sai<\/strong><\/p>\n<\/td>\n<td width=\"57\">\n<p><strong>X\u1ebfp lo\u1ea1i<\/strong><\/p>\n<\/td>\n<\/tr>\n<tr>\n<td width=\"131\">\n<p>2 \u2013 0<\/p>\n<\/td>\n<td width=\"62\">\n<p>Gi\u1ecfi<\/p>\n<\/td>\n<td width=\"131\">\n<p>7 \u2013 5<\/p>\n<\/td>\n<td width=\"109\">\n<p>Trung b\u00ecnh<\/p>\n<\/td>\n<td width=\"86\">\n<p>&gt; 10<\/p>\n<\/td>\n<td width=\"57\">\n<p>K\u00e9m<\/p>\n<\/td>\n<\/tr>\n<tr>\n<td width=\"131\">\n<p>4 \u2013 3<\/p>\n<\/td>\n<td width=\"62\">\n<p>T\u1ed1t<\/p>\n<\/td>\n<td width=\"131\">\n<p>9 \u2013 8<\/p>\n<\/td>\n<td width=\"109\">\n<p>Th\u1ea5p<\/p>\n<\/td>\n<td width=\"86\">\n<\/td>\n<td width=\"57\">\n<\/td>\n<\/tr>\n<\/tbody>\n<\/table>\n<p><span style=\"font-family: var( --e-global-typography-text-font-family ), Sans-serif; font-weight: var( --e-global-typography-text-font-weight );\">&nbsp;<\/span><em style=\"font-family: var( --e-global-typography-text-font-family ), Sans-serif; font-weight: var( --e-global-typography-text-font-weight ); color: rgb(102, 102, 102);\">b). Ki\u1ec3m tra nh\u1ecbp \u0111i\u1ec7u l\u1eadp l\u1ea1i t\u1ed5 h\u1ee3p \u0111\u1ed9ng t\u00e1c<\/em><\/p>\n<ul>\n<li>M\u1ee5c \u0111\u00edch ki\u1ec3m tra: \u0110\u00e1nh gi\u00e1 kh\u1ea3 n\u0103ng nh\u1ecbp \u0111i\u1ec7u.<\/li>\n<li>Trang thi\u1ebft b\u1ecb: \u0110\u1ed3ng h\u1ed3 b\u1ea5m gi\u00e2y.<\/li>\n<li>Ph\u01b0\u01a1ng ph\u00e1p ki\u1ec3m tra: \u0110\u1ea7u ti\u00ean cho ng\u01b0\u1eddi th\u1ef1c hi\u1ec7n m\u1ed9t t\u1ed5 h\u1ee3p \u0111\u1ed9ng t\u00e1c \u0111\u00e3 n\u1eafm v\u1eefng (t\u1ed5 h\u1ee3p \u0111\u1ed9ng t\u00e1c v\u00f5, th\u1ec3 d\u1ee5c\u2026), ghi l\u1ea1i th\u1eddi gian ho\u00e0n th\u00e0nh. Sau \u0111\u00f3 y\u00eau c\u1ea7u V\u0110V th\u1ef1c hi\u1ec7n l\u1ea1i v\u00e0 so s\u00e1nh nh\u1ecbp \u0111i\u1ec7u, x\u00e1c \u0111\u1ecbnh kho\u1ea3ng th\u1eddi gian ch\u00eanh l\u1ec7ch gi\u1eefa 2 l\u1ea7n. \u0110\u01a1n v\u1ecb \u0111o l\u00e0 gi\u00e2y.<\/li>\n<li>Nh\u1eefng \u0111i\u1ec1u ch\u00fa \u00fd: \u2474 T\u1ed5 h\u1ee3p \u0111\u1ed9ng t\u00e1c \u1edf hai l\u1ea7n ph\u1ea3i gi\u1ed1ng nhau; \u2475 Ng\u01b0\u1eddi ki\u1ec3m tra c\u1ea7n c\u00f3 kh\u1ea9u l\u1ec7nh \u201cchu\u1ea9n b\u1ecb\u201d, \u201cb\u1eaft \u0111\u1ea7u\u201d \u0111\u1ed3ng th\u1eddi b\u1ea5m gi\u1edd v\u00e0 d\u1eebng \u0111\u1ed3ng h\u1ed3 \u1edf c\u00f9ng 1 \u0111\u1ed9ng t\u00e1c k\u1ebft th\u00fac.<\/li>\n<\/ul>\t\t\t\t\t\t\t\t<\/div>\n\t\t\t\t<\/div>\n\t\t\t\t\t<\/div>\n\t\t<\/div>\n\t\t\t\t\t<\/div>\n\t\t<\/section>\n\t\t\t\t<\/div>\n\t\t","protected":false},"excerpt":{"rendered":"<p>C\u01a1 s\u1edf khoa h\u1ecdc c\u1ee7a t\u00ednh Nh\u1ecbp \u0110i\u1ec7u Nh\u1ecbp \u0111i\u1ec7u Nh\u1ecbp \u0111i\u1ec7u ch\u1ec9 s\u1ef1 nh\u1ecbp nh\u00e0ng, t\u1ed1c \u0111\u1ed9 \u0111\u1ed9ng t\u00e1c \u1ed5n \u0111\u1ecbnh (ho\u1eb7c nhanh ch\u1eadm h\u1ee3p l\u00fd) v\u00e0 m\u1ee9c \u0111\u1ed9 thu\u1ea7n th\u1ee5c khi th\u1ef1c hi\u1ec7n ho\u1ea1t \u0111\u1ed9ng v\u1eadn \u0111\u1ed9ng. Nh\u1ecbp&hellip;&nbsp;<a href=\"https:\/\/khoahocthethao.vn\/index.php\/nhip-dieu\/\" class=\"more-link\">Read More<\/a><\/p>\n","protected":false},"author":1,"featured_media":0,"parent":0,"menu_order":0,"comment_status":"closed","ping_status":"closed","template":"","meta":{"wprm-recipe-roundup-name":"","wprm-recipe-roundup-description":"","footnotes":""},"class_list":["post-481","page","type-page","status-publish","hentry"],"_links":{"self":[{"href":"https:\/\/khoahocthethao.vn\/index.php\/wp-json\/wp\/v2\/pages\/481","targetHints":{"allow":["GET"]}}],"collection":[{"href":"https:\/\/khoahocthethao.vn\/index.php\/wp-json\/wp\/v2\/pages"}],"about":[{"href":"https:\/\/khoahocthethao.vn\/index.php\/wp-json\/wp\/v2\/types\/page"}],"author":[{"embeddable":true,"href":"https:\/\/khoahocthethao.vn\/index.php\/wp-json\/wp\/v2\/users\/1"}],"replies":[{"embeddable":true,"href":"https:\/\/khoahocthethao.vn\/index.php\/wp-json\/wp\/v2\/comments?post=481"}],"version-history":[{"count":14,"href":"https:\/\/khoahocthethao.vn\/index.php\/wp-json\/wp\/v2\/pages\/481\/revisions"}],"predecessor-version":[{"id":690,"href":"https:\/\/khoahocthethao.vn\/index.php\/wp-json\/wp\/v2\/pages\/481\/revisions\/690"}],"wp:attachment":[{"href":"https:\/\/khoahocthethao.vn\/index.php\/wp-json\/wp\/v2\/media?parent=481"}],"curies":[{"name":"wp","href":"https:\/\/api.w.org\/{rel}","templated":true}]}}